{"id":701,"date":"2011-05-20T18:49:43","date_gmt":"2011-05-20T18:49:43","guid":{"rendered":"https:\/\/wpthemetestdata.wordpress.com\/?page_id=701"},"modified":"2025-11-05T18:56:12","modified_gmt":"2025-11-05T18:56:12","slug":"formacion-no-formal","status":"publish","type":"page","link":"https:\/\/asociacionse.com\/?page_id=701","title":{"rendered":"Formaci\u00f3n no formal"},"content":{"rendered":"\n<p class=\"has-text-align-center\"><\/p>\n\n\n\n<figure class=\"wp-block-image aligncenter size-large is-resized\"><img fetchpriority=\"high\" decoding=\"async\" width=\"1024\" height=\"351\" src=\"http:\/\/asociacionse.com\/wp-content\/uploads\/2024\/01\/LOGOTIPO-SE-NEGRO-2-1024x351.png\" alt=\"\" class=\"wp-image-2714\" style=\"width:379px;height:auto\" srcset=\"https:\/\/asociacionse.com\/wp-content\/uploads\/2024\/01\/LOGOTIPO-SE-NEGRO-2-1024x351.png 1024w, https:\/\/asociacionse.com\/wp-content\/uploads\/2024\/01\/LOGOTIPO-SE-NEGRO-2-300x103.png 300w, https:\/\/asociacionse.com\/wp-content\/uploads\/2024\/01\/LOGOTIPO-SE-NEGRO-2-768x263.png 768w, https:\/\/asociacionse.com\/wp-content\/uploads\/2024\/01\/LOGOTIPO-SE-NEGRO-2-1536x526.png 1536w, https:\/\/asociacionse.com\/wp-content\/uploads\/2024\/01\/LOGOTIPO-SE-NEGRO-2-2048x701.png 2048w\" sizes=\"(max-width: 1024px) 100vw, 1024px\" \/><\/figure>\n\n\n\n<figure class=\"wp-block-image aligncenter size-large is-resized\"><img decoding=\"async\" width=\"1024\" height=\"137\" src=\"http:\/\/asociacionse.com\/wp-content\/uploads\/2025\/03\/LOGOTIPO-PEGATINAS-1024x137.png\" alt=\"\" class=\"wp-image-2934\" style=\"width:1175px;height:auto\" srcset=\"https:\/\/asociacionse.com\/wp-content\/uploads\/2025\/03\/LOGOTIPO-PEGATINAS-1024x137.png 1024w, https:\/\/asociacionse.com\/wp-content\/uploads\/2025\/03\/LOGOTIPO-PEGATINAS-300x40.png 300w, https:\/\/asociacionse.com\/wp-content\/uploads\/2025\/03\/LOGOTIPO-PEGATINAS-768x102.png 768w, https:\/\/asociacionse.com\/wp-content\/uploads\/2025\/03\/LOGOTIPO-PEGATINAS-1536x205.png 1536w, https:\/\/asociacionse.com\/wp-content\/uploads\/2025\/03\/LOGOTIPO-PEGATINAS-2048x273.png 2048w\" sizes=\"(max-width: 1024px) 100vw, 1024px\" \/><\/figure>\n\n\n\n<p class=\"has-text-align-center\">PLAN DE RECUPERACI\u00d3N, TRANSFORMACI\u00d3N Y RESILIENCIA-FINANCIADO POR LA UNI\u00d3N EUROPEA-NEXTGENERATIONEU<\/p>\n\n\n\n<figure class=\"wp-block-gallery has-nested-images columns-default is-cropped wp-block-gallery-1 is-layout-flex wp-block-gallery-is-layout-flex\">\n<figure class=\"wp-block-image size-large\"><img decoding=\"async\" width=\"724\" height=\"1024\" data-id=\"2939\" src=\"https:\/\/asociacionse.com\/wp-content\/uploads\/2025\/03\/1-1-724x1024.jpg\" alt=\"\" class=\"wp-image-2939\" srcset=\"https:\/\/asociacionse.com\/wp-content\/uploads\/2025\/03\/1-1-724x1024.jpg 724w, https:\/\/asociacionse.com\/wp-content\/uploads\/2025\/03\/1-1-212x300.jpg 212w, https:\/\/asociacionse.com\/wp-content\/uploads\/2025\/03\/1-1-768x1086.jpg 768w, https:\/\/asociacionse.com\/wp-content\/uploads\/2025\/03\/1-1-1086x1536.jpg 1086w, https:\/\/asociacionse.com\/wp-content\/uploads\/2025\/03\/1-1-1448x2048.jpg 1448w, https:\/\/asociacionse.com\/wp-content\/uploads\/2025\/03\/1-1-scaled.jpg 1810w\" sizes=\"(max-width: 724px) 100vw, 724px\" \/><\/figure>\n\n\n\n<figure class=\"wp-block-image size-large\"><img loading=\"lazy\" decoding=\"async\" width=\"724\" height=\"1024\" data-id=\"2940\" src=\"https:\/\/asociacionse.com\/wp-content\/uploads\/2025\/03\/2-724x1024.jpg\" alt=\"\" class=\"wp-image-2940\" srcset=\"https:\/\/asociacionse.com\/wp-content\/uploads\/2025\/03\/2-724x1024.jpg 724w, https:\/\/asociacionse.com\/wp-content\/uploads\/2025\/03\/2-212x300.jpg 212w, https:\/\/asociacionse.com\/wp-content\/uploads\/2025\/03\/2-768x1086.jpg 768w, https:\/\/asociacionse.com\/wp-content\/uploads\/2025\/03\/2-1086x1536.jpg 1086w, https:\/\/asociacionse.com\/wp-content\/uploads\/2025\/03\/2-1448x2048.jpg 1448w, https:\/\/asociacionse.com\/wp-content\/uploads\/2025\/03\/2-scaled.jpg 1810w\" sizes=\"(max-width: 724px) 100vw, 724px\" \/><\/figure>\n\n\n\n<figure class=\"wp-block-image size-large\"><img loading=\"lazy\" decoding=\"async\" width=\"724\" height=\"1024\" data-id=\"2941\" src=\"https:\/\/asociacionse.com\/wp-content\/uploads\/2025\/03\/3-724x1024.jpg\" alt=\"\" class=\"wp-image-2941\" srcset=\"https:\/\/asociacionse.com\/wp-content\/uploads\/2025\/03\/3-724x1024.jpg 724w, https:\/\/asociacionse.com\/wp-content\/uploads\/2025\/03\/3-212x300.jpg 212w, https:\/\/asociacionse.com\/wp-content\/uploads\/2025\/03\/3-768x1086.jpg 768w, https:\/\/asociacionse.com\/wp-content\/uploads\/2025\/03\/3-1086x1536.jpg 1086w, https:\/\/asociacionse.com\/wp-content\/uploads\/2025\/03\/3-1448x2048.jpg 1448w, https:\/\/asociacionse.com\/wp-content\/uploads\/2025\/03\/3-scaled.jpg 1810w\" sizes=\"(max-width: 724px) 100vw, 724px\" \/><\/figure>\n\n\n\n<figure class=\"wp-block-image size-large\"><img loading=\"lazy\" decoding=\"async\" width=\"724\" height=\"1024\" data-id=\"2943\" src=\"https:\/\/asociacionse.com\/wp-content\/uploads\/2025\/03\/4-724x1024.jpg\" alt=\"\" class=\"wp-image-2943\" srcset=\"https:\/\/asociacionse.com\/wp-content\/uploads\/2025\/03\/4-724x1024.jpg 724w, https:\/\/asociacionse.com\/wp-content\/uploads\/2025\/03\/4-212x300.jpg 212w, https:\/\/asociacionse.com\/wp-content\/uploads\/2025\/03\/4-768x1086.jpg 768w, https:\/\/asociacionse.com\/wp-content\/uploads\/2025\/03\/4-1086x1536.jpg 1086w, https:\/\/asociacionse.com\/wp-content\/uploads\/2025\/03\/4-1448x2048.jpg 1448w, https:\/\/asociacionse.com\/wp-content\/uploads\/2025\/03\/4-scaled.jpg 1810w\" sizes=\"(max-width: 724px) 100vw, 724px\" \/><\/figure>\n\n\n\n<figure class=\"wp-block-image size-large\"><img loading=\"lazy\" decoding=\"async\" width=\"724\" height=\"1024\" data-id=\"2944\" src=\"https:\/\/asociacionse.com\/wp-content\/uploads\/2025\/03\/5-724x1024.jpg\" alt=\"\" class=\"wp-image-2944\" srcset=\"https:\/\/asociacionse.com\/wp-content\/uploads\/2025\/03\/5-724x1024.jpg 724w, https:\/\/asociacionse.com\/wp-content\/uploads\/2025\/03\/5-212x300.jpg 212w, https:\/\/asociacionse.com\/wp-content\/uploads\/2025\/03\/5-768x1086.jpg 768w, https:\/\/asociacionse.com\/wp-content\/uploads\/2025\/03\/5-1086x1536.jpg 1086w, https:\/\/asociacionse.com\/wp-content\/uploads\/2025\/03\/5-1448x2048.jpg 1448w, https:\/\/asociacionse.com\/wp-content\/uploads\/2025\/03\/5-scaled.jpg 1810w\" sizes=\"(max-width: 724px) 100vw, 724px\" \/><\/figure>\n\n\n\n<figure class=\"wp-block-image size-large\"><img loading=\"lazy\" decoding=\"async\" width=\"724\" height=\"1024\" data-id=\"2942\" src=\"https:\/\/asociacionse.com\/wp-content\/uploads\/2025\/03\/6-724x1024.jpg\" alt=\"\" class=\"wp-image-2942\" srcset=\"https:\/\/asociacionse.com\/wp-content\/uploads\/2025\/03\/6-724x1024.jpg 724w, https:\/\/asociacionse.com\/wp-content\/uploads\/2025\/03\/6-212x300.jpg 212w, https:\/\/asociacionse.com\/wp-content\/uploads\/2025\/03\/6-768x1086.jpg 768w, https:\/\/asociacionse.com\/wp-content\/uploads\/2025\/03\/6-1086x1536.jpg 1086w, https:\/\/asociacionse.com\/wp-content\/uploads\/2025\/03\/6-1448x2048.jpg 1448w, https:\/\/asociacionse.com\/wp-content\/uploads\/2025\/03\/6-scaled.jpg 1810w\" sizes=\"(max-width: 724px) 100vw, 724px\" \/><\/figure>\n\n\n\n<figure class=\"wp-block-image size-large\"><img loading=\"lazy\" decoding=\"async\" width=\"724\" height=\"1024\" data-id=\"2945\" src=\"https:\/\/asociacionse.com\/wp-content\/uploads\/2025\/03\/7-724x1024.jpg\" alt=\"\" class=\"wp-image-2945\" srcset=\"https:\/\/asociacionse.com\/wp-content\/uploads\/2025\/03\/7-724x1024.jpg 724w, https:\/\/asociacionse.com\/wp-content\/uploads\/2025\/03\/7-212x300.jpg 212w, https:\/\/asociacionse.com\/wp-content\/uploads\/2025\/03\/7-768x1086.jpg 768w, https:\/\/asociacionse.com\/wp-content\/uploads\/2025\/03\/7-1086x1536.jpg 1086w, https:\/\/asociacionse.com\/wp-content\/uploads\/2025\/03\/7-1448x2048.jpg 1448w, https:\/\/asociacionse.com\/wp-content\/uploads\/2025\/03\/7-scaled.jpg 1810w\" sizes=\"(max-width: 724px) 100vw, 724px\" \/><\/figure>\n\n\n\n<figure class=\"wp-block-image size-large\"><img loading=\"lazy\" decoding=\"async\" width=\"724\" height=\"1024\" data-id=\"2946\" src=\"https:\/\/asociacionse.com\/wp-content\/uploads\/2025\/03\/8-724x1024.jpg\" alt=\"\" class=\"wp-image-2946\" srcset=\"https:\/\/asociacionse.com\/wp-content\/uploads\/2025\/03\/8-724x1024.jpg 724w, https:\/\/asociacionse.com\/wp-content\/uploads\/2025\/03\/8-212x300.jpg 212w, https:\/\/asociacionse.com\/wp-content\/uploads\/2025\/03\/8-768x1086.jpg 768w, https:\/\/asociacionse.com\/wp-content\/uploads\/2025\/03\/8-1086x1536.jpg 1086w, https:\/\/asociacionse.com\/wp-content\/uploads\/2025\/03\/8-1448x2048.jpg 1448w, https:\/\/asociacionse.com\/wp-content\/uploads\/2025\/03\/8-scaled.jpg 1810w\" sizes=\"(max-width: 724px) 100vw, 724px\" \/><\/figure>\n\n\n\n<figure class=\"wp-block-image size-large\"><img loading=\"lazy\" decoding=\"async\" width=\"724\" height=\"1024\" data-id=\"2947\" src=\"https:\/\/asociacionse.com\/wp-content\/uploads\/2025\/03\/9-724x1024.jpg\" alt=\"\" class=\"wp-image-2947\" srcset=\"https:\/\/asociacionse.com\/wp-content\/uploads\/2025\/03\/9-724x1024.jpg 724w, https:\/\/asociacionse.com\/wp-content\/uploads\/2025\/03\/9-212x300.jpg 212w, https:\/\/asociacionse.com\/wp-content\/uploads\/2025\/03\/9-768x1086.jpg 768w, https:\/\/asociacionse.com\/wp-content\/uploads\/2025\/03\/9-1086x1536.jpg 1086w, https:\/\/asociacionse.com\/wp-content\/uploads\/2025\/03\/9-1448x2048.jpg 1448w, https:\/\/asociacionse.com\/wp-content\/uploads\/2025\/03\/9-scaled.jpg 1810w\" sizes=\"(max-width: 724px) 100vw, 724px\" \/><\/figure>\n<\/figure>\n\n\n\n<p><\/p>\n","protected":false},"excerpt":{"rendered":"<p>PLAN DE RECUPERACI\u00d3N, TRANSFORMACI\u00d3N Y RESILIENCIA-FINANCIADO POR LA UNI\u00d3N EUROPEA-NEXTGENERATIONEU<\/p>\n","protected":false},"author":1,"featured_media":0,"parent":0,"menu_order":0,"comment_status":"closed","ping_status":"closed","template":"","meta":{"site-sidebar-layout":"default","site-content-layout":"","ast-site-content-layout":"default","site-content-style":"default","site-sidebar-style":"default","ast-global-header-display":"","ast-banner-title-visibility":"","ast-main-header-display":"","ast-hfb-above-header-display":"","ast-hfb-below-header-display":"","ast-hfb-mobile-header-display":"","site-post-title":"","ast-breadcrumbs-content":"","ast-featured-img":"","footer-sml-layout":"","ast-disable-related-posts":"","theme-transparent-header-meta":"","adv-header-id-meta":"","stick-header-meta":"","header-above-stick-meta":"","header-main-stick-meta":"","header-below-stick-meta":"","astra-migrate-meta-layouts":"set","ast-page-background-enabled":"default","ast-page-background-meta":{"desktop":{"background-color":"var(--ast-global-color-4)","background-image":"","background-repeat":"repeat","background-position":"center center","background-size":"auto","background-attachment":"scroll","background-type":"","background-media":"","overlay-type":"","overlay-color":"","overlay-opacity":"","overlay-gradient":""},"tablet":{"background-color":"","background-image":"","background-repeat":"repeat","background-position":"center center","background-size":"auto","background-attachment":"scroll","background-type":"","background-media":"","overlay-type":"","overlay-color":"","overlay-opacity":"","overlay-gradient":""},"mobile":{"background-color":"","background-image":"","background-repeat":"repeat","background-position":"center center","background-size":"auto","background-attachment":"scroll","background-type":"","background-media":"","overlay-type":"","overlay-color":"","overlay-opacity":"","overlay-gradient":""}},"ast-content-background-meta":{"desktop":{"background-color":"var(--ast-global-color-5)","background-image":"","background-repeat":"repeat","background-position":"center center","background-size":"auto","background-attachment":"scroll","background-type":"","background-media":"","overlay-type":"","overlay-color":"","overlay-opacity":"","overlay-gradient":""},"tablet":{"background-color":"var(--ast-global-color-5)","background-image":"","background-repeat":"repeat","background-position":"center center","background-size":"auto","background-attachment":"scroll","background-type":"","background-media":"","overlay-type":"","overlay-color":"","overlay-opacity":"","overlay-gradient":""},"mobile":{"background-color":"var(--ast-global-color-5)","background-image":"","background-repeat":"repeat","background-position":"center center","background-size":"auto","background-attachment":"scroll","background-type":"","background-media":"","overlay-type":"","overlay-color":"","overlay-opacity":"","overlay-gradient":""}},"footnotes":""},"class_list":["post-701","page","type-page","status-publish","hentry"],"_links":{"self":[{"href":"https:\/\/asociacionse.com\/index.php?rest_route=\/wp\/v2\/pages\/701","targetHints":{"allow":["GET"]}}],"collection":[{"href":"https:\/\/asociacionse.com\/index.php?rest_route=\/wp\/v2\/pages"}],"about":[{"href":"https:\/\/asociacionse.com\/index.php?rest_route=\/wp\/v2\/types\/page"}],"author":[{"embeddable":true,"href":"https:\/\/asociacionse.com\/index.php?rest_route=\/wp\/v2\/users\/1"}],"replies":[{"embeddable":true,"href":"https:\/\/asociacionse.com\/index.php?rest_route=%2Fwp%2Fv2%2Fcomments&post=701"}],"version-history":[{"count":205,"href":"https:\/\/asociacionse.com\/index.php?rest_route=\/wp\/v2\/pages\/701\/revisions"}],"predecessor-version":[{"id":4101,"href":"https:\/\/asociacionse.com\/index.php?rest_route=\/wp\/v2\/pages\/701\/revisions\/4101"}],"wp:attachment":[{"href":"https:\/\/asociacionse.com\/index.php?rest_route=%2Fwp%2Fv2%2Fmedia&parent=701"}],"curies":[{"name":"wp","href":"https:\/\/api.w.org\/{rel}","templated":true}]}}