{"id":22,"date":"2023-03-15T15:32:41","date_gmt":"2023-03-15T15:32:41","guid":{"rendered":"http:\/\/asociacionse.com\/?page_id=22"},"modified":"2025-01-09T11:39:15","modified_gmt":"2025-01-09T11:39:15","slug":"recursos","status":"publish","type":"page","link":"https:\/\/asociacionse.com\/?page_id=22","title":{"rendered":"PROYECTOS"},"content":{"rendered":"\n<figure class=\"wp-block-image size-large is-resized\"><img fetchpriority=\"high\" decoding=\"async\" width=\"1024\" height=\"97\" src=\"https:\/\/asociacionse.com\/wp-content\/uploads\/2024\/08\/LOGOTIPOS-PARTICIPACION-EN-EL-PROGRAMA-1-1024x97.png\" alt=\"\" class=\"wp-image-2807\" style=\"width:867px;height:auto\" srcset=\"https:\/\/asociacionse.com\/wp-content\/uploads\/2024\/08\/LOGOTIPOS-PARTICIPACION-EN-EL-PROGRAMA-1-1024x97.png 1024w, https:\/\/asociacionse.com\/wp-content\/uploads\/2024\/08\/LOGOTIPOS-PARTICIPACION-EN-EL-PROGRAMA-1-300x28.png 300w, https:\/\/asociacionse.com\/wp-content\/uploads\/2024\/08\/LOGOTIPOS-PARTICIPACION-EN-EL-PROGRAMA-1-768x72.png 768w, https:\/\/asociacionse.com\/wp-content\/uploads\/2024\/08\/LOGOTIPOS-PARTICIPACION-EN-EL-PROGRAMA-1-1536x145.png 1536w, https:\/\/asociacionse.com\/wp-content\/uploads\/2024\/08\/LOGOTIPOS-PARTICIPACION-EN-EL-PROGRAMA-1-2048x193.png 2048w\" sizes=\"(max-width: 1024px) 100vw, 1024px\" \/><\/figure>\n\n\n\n<p><strong>T-ACOMPA\u00d1AMOS<\/strong><\/p>\n\n\n\n<p><strong>Programa de Proyecto integrales para la inserci\u00f3n<\/strong> <strong>de JOVENES<\/strong><\/p>\n\n\n\n<p>Programa orientado hacia la inserci\u00f3n laboral, busqueda de empleo y formaci\u00f3n. Ofrecemos orientaci\u00f3n y formaci\u00f3n en materia de autoempleo para J\u00f3venes desempleados de 18 a 29 a\u00f1os, inscritos en el Servicio Andaluz de Empleo y en el Sistema Nacional de Garant\u00eda Juvenil.  Adem\u00e1s este programa cuenta con un incentivo por la participaci\u00f3n<\/p>\n\n\n\n<figure class=\"wp-block-image aligncenter size-large is-resized\"><img decoding=\"async\" width=\"724\" height=\"1024\" src=\"http:\/\/asociacionse.com\/wp-content\/uploads\/2025\/01\/T-ACOMPANAMOS-JOVENES-CARTEL-JPG-1-724x1024.jpg\" alt=\"\" class=\"wp-image-2920\" style=\"width:264px;height:auto\" srcset=\"https:\/\/asociacionse.com\/wp-content\/uploads\/2025\/01\/T-ACOMPANAMOS-JOVENES-CARTEL-JPG-1-724x1024.jpg 724w, https:\/\/asociacionse.com\/wp-content\/uploads\/2025\/01\/T-ACOMPANAMOS-JOVENES-CARTEL-JPG-1-212x300.jpg 212w, https:\/\/asociacionse.com\/wp-content\/uploads\/2025\/01\/T-ACOMPANAMOS-JOVENES-CARTEL-JPG-1-768x1086.jpg 768w, https:\/\/asociacionse.com\/wp-content\/uploads\/2025\/01\/T-ACOMPANAMOS-JOVENES-CARTEL-JPG-1-1086x1536.jpg 1086w, https:\/\/asociacionse.com\/wp-content\/uploads\/2025\/01\/T-ACOMPANAMOS-JOVENES-CARTEL-JPG-1-1448x2048.jpg 1448w, https:\/\/asociacionse.com\/wp-content\/uploads\/2025\/01\/T-ACOMPANAMOS-JOVENES-CARTEL-JPG-1-scaled.jpg 1810w\" sizes=\"(max-width: 724px) 100vw, 724px\" \/><\/figure>\n\n\n\n<p>.<\/p>\n\n\n\n<p><\/p>\n\n\n\n<p><strong>ANDALUCIA ORIENTA<\/strong><\/p>\n\n\n\n<p>Red de unidades de orientaci\u00f3n para el apoyo de la poblaci\u00f3n activa&nbsp;andaluza&nbsp;en estrategia de inserci\u00f3n en el mercado laboral.<\/p>\n\n\n\n<figure class=\"wp-block-image aligncenter size-large is-resized\"><img decoding=\"async\" width=\"819\" height=\"1024\" src=\"https:\/\/asociacionse.com\/wp-content\/uploads\/2024\/10\/post-instagram-orienta-819x1024.jpg\" alt=\"\" class=\"wp-image-2901\" style=\"width:266px;height:auto\" srcset=\"https:\/\/asociacionse.com\/wp-content\/uploads\/2024\/10\/post-instagram-orienta-819x1024.jpg 819w, https:\/\/asociacionse.com\/wp-content\/uploads\/2024\/10\/post-instagram-orienta-240x300.jpg 240w, https:\/\/asociacionse.com\/wp-content\/uploads\/2024\/10\/post-instagram-orienta-768x960.jpg 768w, https:\/\/asociacionse.com\/wp-content\/uploads\/2024\/10\/post-instagram-orienta-1229x1536.jpg 1229w, https:\/\/asociacionse.com\/wp-content\/uploads\/2024\/10\/post-instagram-orienta-1638x2048.jpg 1638w, https:\/\/asociacionse.com\/wp-content\/uploads\/2024\/10\/post-instagram-orienta-scaled.jpg 2048w\" sizes=\"(max-width: 819px) 100vw, 819px\" \/><\/figure>\n\n\n\n<p><strong>T-ACOMPA\u00d1AMOS<\/strong><\/p>\n\n\n\n<p><strong>Programa de Proyecto integrales para la inserci\u00f3n<\/strong><\/p>\n\n\n\n<p>Programa orientado hacia la inserci\u00f3n laboral, busqueda de empleo y formaci\u00f3n. Ofrecemos orientaci\u00f3n y formaci\u00f3n en materia de autoempleo para los usuarios que quieran emprender. Adem\u00e1s este programa cuenta con un incentivo por la participaci\u00f3n.<\/p>\n\n\n\n<figure class=\"wp-block-image aligncenter size-large is-resized\"><img loading=\"lazy\" decoding=\"async\" width=\"724\" height=\"1024\" src=\"https:\/\/asociacionse.com\/wp-content\/uploads\/2024\/08\/CARTEL-PROYECTO-INTEGRALES-1-724x1024.jpeg\" alt=\"\" class=\"wp-image-2818\" style=\"width:298px;height:auto\" srcset=\"https:\/\/asociacionse.com\/wp-content\/uploads\/2024\/08\/CARTEL-PROYECTO-INTEGRALES-1-724x1024.jpeg 724w, https:\/\/asociacionse.com\/wp-content\/uploads\/2024\/08\/CARTEL-PROYECTO-INTEGRALES-1-212x300.jpeg 212w, https:\/\/asociacionse.com\/wp-content\/uploads\/2024\/08\/CARTEL-PROYECTO-INTEGRALES-1-768x1087.jpeg 768w, https:\/\/asociacionse.com\/wp-content\/uploads\/2024\/08\/CARTEL-PROYECTO-INTEGRALES-1-1085x1536.jpeg 1085w, https:\/\/asociacionse.com\/wp-content\/uploads\/2024\/08\/CARTEL-PROYECTO-INTEGRALES-1.jpeg 1447w\" sizes=\"(max-width: 724px) 100vw, 724px\" \/><\/figure>\n\n\n\n<p>Personas destinadas del programa: <\/p>\n\n\n\n<figure class=\"wp-block-image size-large is-resized\"><img loading=\"lazy\" decoding=\"async\" width=\"1024\" height=\"961\" src=\"http:\/\/asociacionse.com\/wp-content\/uploads\/2024\/01\/Discapacidad-Perceptoras-de-prestaciones-subsidio-por-desempleo-o-renta.-Activa-de-insercion.-Migrantes-Mayores-de-45-Desempleados-de-larga-duracion-Situacion-de-exclusion-social-14-1024x961.png\" alt=\"\" class=\"wp-image-2720\" style=\"width:593px;height:auto\" srcset=\"https:\/\/asociacionse.com\/wp-content\/uploads\/2024\/01\/Discapacidad-Perceptoras-de-prestaciones-subsidio-por-desempleo-o-renta.-Activa-de-insercion.-Migrantes-Mayores-de-45-Desempleados-de-larga-duracion-Situacion-de-exclusion-social-14-1024x961.png 1024w, https:\/\/asociacionse.com\/wp-content\/uploads\/2024\/01\/Discapacidad-Perceptoras-de-prestaciones-subsidio-por-desempleo-o-renta.-Activa-de-insercion.-Migrantes-Mayores-de-45-Desempleados-de-larga-duracion-Situacion-de-exclusion-social-14-300x281.png 300w, https:\/\/asociacionse.com\/wp-content\/uploads\/2024\/01\/Discapacidad-Perceptoras-de-prestaciones-subsidio-por-desempleo-o-renta.-Activa-de-insercion.-Migrantes-Mayores-de-45-Desempleados-de-larga-duracion-Situacion-de-exclusion-social-14-768x720.png 768w, https:\/\/asociacionse.com\/wp-content\/uploads\/2024\/01\/Discapacidad-Perceptoras-de-prestaciones-subsidio-por-desempleo-o-renta.-Activa-de-insercion.-Migrantes-Mayores-de-45-Desempleados-de-larga-duracion-Situacion-de-exclusion-social-14-1536x1441.png 1536w, https:\/\/asociacionse.com\/wp-content\/uploads\/2024\/01\/Discapacidad-Perceptoras-de-prestaciones-subsidio-por-desempleo-o-renta.-Activa-de-insercion.-Migrantes-Mayores-de-45-Desempleados-de-larga-duracion-Situacion-de-exclusion-social-14-2048x1921.png 2048w\" sizes=\"(max-width: 1024px) 100vw, 1024px\" \/><\/figure>\n\n\n\n<p><\/p>\n\n\n\n<p><strong>MEJORA TU EMPLEABILIDAD <\/strong><\/p>\n\n\n\n<p>Finalizado.<\/p>\n\n\n\n<figure class=\"wp-block-image aligncenter size-large is-resized\"><img loading=\"lazy\" decoding=\"async\" width=\"722\" height=\"1024\" src=\"https:\/\/asociacionse.com\/wp-content\/uploads\/2024\/08\/WhatsApp-Image-2024-08-28-at-11.26.03-722x1024.jpeg\" alt=\"\" class=\"wp-image-2832\" style=\"width:278px;height:auto\" srcset=\"https:\/\/asociacionse.com\/wp-content\/uploads\/2024\/08\/WhatsApp-Image-2024-08-28-at-11.26.03-722x1024.jpeg 722w, https:\/\/asociacionse.com\/wp-content\/uploads\/2024\/08\/WhatsApp-Image-2024-08-28-at-11.26.03-211x300.jpeg 211w, https:\/\/asociacionse.com\/wp-content\/uploads\/2024\/08\/WhatsApp-Image-2024-08-28-at-11.26.03-768x1090.jpeg 768w, https:\/\/asociacionse.com\/wp-content\/uploads\/2024\/08\/WhatsApp-Image-2024-08-28-at-11.26.03.jpeg 874w\" sizes=\"(max-width: 722px) 100vw, 722px\" \/><\/figure>\n\n\n\n<p>\u00bb Medidas de innovaci\u00f3n y mejora del empleo en Andaluc\u00eda del programa de fomento y empleo industrial y Medidas de inserci\u00f3n laboral en Andaluc\u00eda \u00bb Decreto 192\/2017de 5 de diciembre.<\/p>\n\n\n\n<p><\/p>\n\n\n\n<p><strong>CONSEJO DE LA JUVENTUD<\/strong><\/p>\n\n\n\n<figure class=\"wp-block-image size-large is-resized\"><img loading=\"lazy\" decoding=\"async\" width=\"1024\" height=\"699\" src=\"https:\/\/asociacionse.com\/wp-content\/uploads\/2024\/08\/CLIA-PNG-1024x699.png\" alt=\"\" class=\"wp-image-2835\" style=\"width:319px;height:auto\" srcset=\"https:\/\/asociacionse.com\/wp-content\/uploads\/2024\/08\/CLIA-PNG-1024x699.png 1024w, https:\/\/asociacionse.com\/wp-content\/uploads\/2024\/08\/CLIA-PNG-300x205.png 300w, https:\/\/asociacionse.com\/wp-content\/uploads\/2024\/08\/CLIA-PNG-768x525.png 768w, https:\/\/asociacionse.com\/wp-content\/uploads\/2024\/08\/CLIA-PNG-1536x1049.png 1536w, https:\/\/asociacionse.com\/wp-content\/uploads\/2024\/08\/CLIA-PNG.png 1697w\" sizes=\"(max-width: 1024px) 100vw, 1024px\" \/><\/figure>\n\n\n\n<figure class=\"wp-block-pullquote\"><blockquote><p><\/p><\/blockquote><\/figure>\n","protected":false},"excerpt":{"rendered":"<p>T-ACOMPA\u00d1AMOS Programa de Proyecto integrales para la inserci\u00f3n de JOVENES Programa orientado hacia la inserci\u00f3n laboral, busqueda de empleo y formaci\u00f3n. Ofrecemos orientaci\u00f3n y formaci\u00f3n en materia de autoempleo para J\u00f3venes desempleados de 18 a 29 a\u00f1os, inscritos en el Servicio Andaluz de Empleo y en el Sistema Nacional de Garant\u00eda Juvenil. Adem\u00e1s este programa [&hellip;]<\/p>\n","protected":false},"author":1,"featured_media":0,"parent":0,"menu_order":0,"comment_status":"closed","ping_status":"closed","template":"","meta":{"site-sidebar-layout":"default","site-content-layout":"","ast-site-content-layout":"default","site-content-style":"default","site-sidebar-style":"default","ast-global-header-display":"","ast-banner-title-visibility":"","ast-main-header-display":"","ast-hfb-above-header-display":"","ast-hfb-below-header-display":"","ast-hfb-mobile-header-display":"","site-post-title":"","ast-breadcrumbs-content":"","ast-featured-img":"","footer-sml-layout":"","ast-disable-related-posts":"","theme-transparent-header-meta":"","adv-header-id-meta":"","stick-header-meta":"","header-above-stick-meta":"","header-main-stick-meta":"","header-below-stick-meta":"","astra-migrate-meta-layouts":"default","ast-page-background-enabled":"default","ast-page-background-meta":{"desktop":{"background-color":"","background-image":"","background-repeat":"repeat","background-position":"center center","background-size":"auto","background-attachment":"scroll","background-type":"","background-media":"","overlay-type":"","overlay-color":"","overlay-opacity":"","overlay-gradient":""},"tablet":{"background-color":"","background-image":"","background-repeat":"repeat","background-position":"center center","background-size":"auto","background-attachment":"scroll","background-type":"","background-media":"","overlay-type":"","overlay-color":"","overlay-opacity":"","overlay-gradient":""},"mobile":{"background-color":"","background-image":"","background-repeat":"repeat","background-position":"center center","background-size":"auto","background-attachment":"scroll","background-type":"","background-media":"","overlay-type":"","overlay-color":"","overlay-opacity":"","overlay-gradient":""}},"ast-content-background-meta":{"desktop":{"background-color":"var(--ast-global-color-5)","background-image":"","background-repeat":"repeat","background-position":"center center","background-size":"auto","background-attachment":"scroll","background-type":"","background-media":"","overlay-type":"","overlay-color":"","overlay-opacity":"","overlay-gradient":""},"tablet":{"background-color":"var(--ast-global-color-5)","background-image":"","background-repeat":"repeat","background-position":"center center","background-size":"auto","background-attachment":"scroll","background-type":"","background-media":"","overlay-type":"","overlay-color":"","overlay-opacity":"","overlay-gradient":""},"mobile":{"background-color":"var(--ast-global-color-5)","background-image":"","background-repeat":"repeat","background-position":"center center","background-size":"auto","background-attachment":"scroll","background-type":"","background-media":"","overlay-type":"","overlay-color":"","overlay-opacity":"","overlay-gradient":""}},"footnotes":""},"class_list":["post-22","page","type-page","status-publish","hentry"],"_links":{"self":[{"href":"https:\/\/asociacionse.com\/index.php?rest_route=\/wp\/v2\/pages\/22","targetHints":{"allow":["GET"]}}],"collection":[{"href":"https:\/\/asociacionse.com\/index.php?rest_route=\/wp\/v2\/pages"}],"about":[{"href":"https:\/\/asociacionse.com\/index.php?rest_route=\/wp\/v2\/types\/page"}],"author":[{"embeddable":true,"href":"https:\/\/asociacionse.com\/index.php?rest_route=\/wp\/v2\/users\/1"}],"replies":[{"embeddable":true,"href":"https:\/\/asociacionse.com\/index.php?rest_route=%2Fwp%2Fv2%2Fcomments&post=22"}],"version-history":[{"count":27,"href":"https:\/\/asociacionse.com\/index.php?rest_route=\/wp\/v2\/pages\/22\/revisions"}],"predecessor-version":[{"id":2921,"href":"https:\/\/asociacionse.com\/index.php?rest_route=\/wp\/v2\/pages\/22\/revisions\/2921"}],"wp:attachment":[{"href":"https:\/\/asociacionse.com\/index.php?rest_route=%2Fwp%2Fv2%2Fmedia&parent=22"}],"curies":[{"name":"wp","href":"https:\/\/api.w.org\/{rel}","templated":true}]}}