{"id":21,"date":"2023-03-15T15:32:41","date_gmt":"2023-03-15T15:32:41","guid":{"rendered":"http:\/\/asociacionse.com\/?page_id=21"},"modified":"2025-11-10T11:12:27","modified_gmt":"2025-11-10T11:12:27","slug":"punto-violeta","status":"publish","type":"page","link":"https:\/\/asociacionse.com\/?page_id=21","title":{"rendered":"SOBRE NOSOTROS"},"content":{"rendered":"\t\t<div data-elementor-type=\"wp-page\" data-elementor-id=\"21\" class=\"elementor elementor-21\">\n\t\t\t\t<div class=\"elementor-element elementor-element-5fd7ea93 e-flex e-con-boxed e-con e-parent\" data-id=\"5fd7ea93\" data-element_type=\"container\" data-e-type=\"container\">\n\t\t\t\t\t<div class=\"e-con-inner\">\n\t\t\t\t<div class=\"elementor-element elementor-element-1cc30d0a elementor-widget elementor-widget-text-editor\" data-id=\"1cc30d0a\" data-element_type=\"widget\" data-e-type=\"widget\" data-widget_type=\"text-editor.default\">\n\t\t\t\t\t\t\t\t\t<p><span style=\"font-size: 18px;\"><strong>ASOCIACI\u00d3N SITIO DE ENCUENTRO<\/strong><\/span><\/p>\n<p><span style=\"font-size: 18px;\"><!-- \/wp:paragraph --><!-- wp:paragraph --><\/span><\/p>\n<p><span style=\"font-size: 18px;\">La Asociaci\u00f3n Sitio de Encuentro es una asociaci\u00f3n dedicada a ayudar y atender laboralmente a la poblaci\u00f3n, especialmente a familias, asolescentes, mayores, personas en riesgo de exlcusi\u00f3n social, tanto en el ambito rural como urbano.<\/span><\/p>\n<p><span style=\"font-size: 18px;\"><!-- \/wp:paragraph --><!-- wp:paragraph --><\/span><\/p>\n<p><span style=\"font-size: 18px;\">LOS FINES DE LA ASOCIACI\u00d3N:<\/span><\/p>\n<p><span style=\"font-size: 18px;\"><!-- \/wp:paragraph --><!-- wp:paragraph --><\/span><\/p>\n<p><span style=\"font-size: 18px;\">Integrar laboral, social y globalmente a j\u00f3venes alejados del mercado de trabajo, desanimados por encontrar obstaculos para la busqueda de empleo o en riesgo de exclusi\u00f3n.<\/span><\/p>\n<p><span style=\"font-size: 18px;\"><!-- \/wp:paragraph --><!-- wp:paragraph --><\/span><\/p>\n<p><span style=\"font-size: 18px;\">Dar especial atenci\u00f3n a la poblaci\u00f3n en riesgo de exclusi\u00f3n social y colectivos desprotegidos: inmigrantes, minor\u00edas \u00e9tnicas, discapacitados, mujeres victimas de violencia de g\u00e9nero, desempleados, facilitando la integraci\u00f3n sociolaboral mediante la orientaci\u00f3n laboral, la formaci\u00f3n profesional y la creaci\u00f3n de empleo.<\/span><\/p>\n<p><!-- \/wp:paragraph --><\/p>\t\t\t\t\t\t\t\t<\/div>\n\t\t\t\t\t<\/div>\n\t\t\t\t<\/div>\n\t\t\t\t<\/div>\n\t\t","protected":false},"excerpt":{"rendered":"<p>ASOCIACI\u00d3N SITIO DE ENCUENTRO La Asociaci\u00f3n Sitio de Encuentro es una asociaci\u00f3n dedicada a ayudar y atender laboralmente a la poblaci\u00f3n, especialmente a familias, asolescentes, mayores, personas en riesgo de exlcusi\u00f3n social, tanto en el ambito rural como urbano. LOS FINES DE LA ASOCIACI\u00d3N: Integrar laboral, social y globalmente a j\u00f3venes alejados del mercado de [&hellip;]<\/p>\n","protected":false},"author":1,"featured_media":0,"parent":0,"menu_order":0,"comment_status":"closed","ping_status":"closed","template":"","meta":{"site-sidebar-layout":"default","site-content-layout":"","ast-site-content-layout":"default","site-content-style":"default","site-sidebar-style":"default","ast-global-header-display":"","ast-banner-title-visibility":"","ast-main-header-display":"","ast-hfb-above-header-display":"","ast-hfb-below-header-display":"","ast-hfb-mobile-header-display":"","site-post-title":"","ast-breadcrumbs-content":"","ast-featured-img":"","footer-sml-layout":"","ast-disable-related-posts":"","theme-transparent-header-meta":"","adv-header-id-meta":"","stick-header-meta":"","header-above-stick-meta":"","header-main-stick-meta":"","header-below-stick-meta":"","astra-migrate-meta-layouts":"set","ast-page-background-enabled":"default","ast-page-background-meta":{"desktop":{"background-color":"","background-image":"","background-repeat":"repeat","background-position":"center center","background-size":"auto","background-attachment":"scroll","background-type":"","background-media":"","overlay-type":"","overlay-color":"","overlay-opacity":"","overlay-gradient":""},"tablet":{"background-color":"","background-image":"","background-repeat":"repeat","background-position":"center center","background-size":"auto","background-attachment":"scroll","background-type":"","background-media":"","overlay-type":"","overlay-color":"","overlay-opacity":"","overlay-gradient":""},"mobile":{"background-color":"","background-image":"","background-repeat":"repeat","background-position":"center center","background-size":"auto","background-attachment":"scroll","background-type":"","background-media":"","overlay-type":"","overlay-color":"","overlay-opacity":"","overlay-gradient":""}},"ast-content-background-meta":{"desktop":{"background-color":"var(--ast-global-color-5)","background-image":"","background-repeat":"repeat","background-position":"center center","background-size":"auto","background-attachment":"scroll","background-type":"","background-media":"","overlay-type":"","overlay-color":"","overlay-opacity":"","overlay-gradient":""},"tablet":{"background-color":"var(--ast-global-color-5)","background-image":"","background-repeat":"repeat","background-position":"center center","background-size":"auto","background-attachment":"scroll","background-type":"","background-media":"","overlay-type":"","overlay-color":"","overlay-opacity":"","overlay-gradient":""},"mobile":{"background-color":"var(--ast-global-color-5)","background-image":"","background-repeat":"repeat","background-position":"center center","background-size":"auto","background-attachment":"scroll","background-type":"","background-media":"","overlay-type":"","overlay-color":"","overlay-opacity":"","overlay-gradient":""}},"footnotes":""},"class_list":["post-21","page","type-page","status-publish","hentry"],"_links":{"self":[{"href":"https:\/\/asociacionse.com\/index.php?rest_route=\/wp\/v2\/pages\/21","targetHints":{"allow":["GET"]}}],"collection":[{"href":"https:\/\/asociacionse.com\/index.php?rest_route=\/wp\/v2\/pages"}],"about":[{"href":"https:\/\/asociacionse.com\/index.php?rest_route=\/wp\/v2\/types\/page"}],"author":[{"embeddable":true,"href":"https:\/\/asociacionse.com\/index.php?rest_route=\/wp\/v2\/users\/1"}],"replies":[{"embeddable":true,"href":"https:\/\/asociacionse.com\/index.php?rest_route=%2Fwp%2Fv2%2Fcomments&post=21"}],"version-history":[{"count":26,"href":"https:\/\/asociacionse.com\/index.php?rest_route=\/wp\/v2\/pages\/21\/revisions"}],"predecessor-version":[{"id":4122,"href":"https:\/\/asociacionse.com\/index.php?rest_route=\/wp\/v2\/pages\/21\/revisions\/4122"}],"wp:attachment":[{"href":"https:\/\/asociacionse.com\/index.php?rest_route=%2Fwp%2Fv2%2Fmedia&parent=21"}],"curies":[{"name":"wp","href":"https:\/\/api.w.org\/{rel}","templated":true}]}}