{"id":18,"date":"2023-03-15T15:32:41","date_gmt":"2023-03-15T15:32:41","guid":{"rendered":"http:\/\/asociacionse.com\/?page_id=18"},"modified":"2025-03-05T12:07:51","modified_gmt":"2025-03-05T12:07:51","slug":"quienes-somos","status":"publish","type":"page","link":"https:\/\/asociacionse.com\/?page_id=18","title":{"rendered":""},"content":{"rendered":"\n<h2 class=\"wp-block-heading has-text-align-center\"><strong>DESAYUNO INFORMATIVO MOTIVACI\u00d3N Y BUSQUEDA DE EMPLEO<\/strong><\/h2>\n\n\n\n<figure class=\"wp-block-gallery has-nested-images columns-default is-cropped wp-block-gallery-1 is-layout-flex wp-block-gallery-is-layout-flex\">\n<figure class=\"wp-block-image size-large\"><img fetchpriority=\"high\" decoding=\"async\" width=\"805\" height=\"1024\" data-id=\"2957\" src=\"https:\/\/asociacionse.com\/wp-content\/uploads\/2025\/03\/DESAYUNO-INFORMATIVO-2-805x1024.jpg\" alt=\"\" class=\"wp-image-2957\" srcset=\"https:\/\/asociacionse.com\/wp-content\/uploads\/2025\/03\/DESAYUNO-INFORMATIVO-2-805x1024.jpg 805w, https:\/\/asociacionse.com\/wp-content\/uploads\/2025\/03\/DESAYUNO-INFORMATIVO-2-236x300.jpg 236w, https:\/\/asociacionse.com\/wp-content\/uploads\/2025\/03\/DESAYUNO-INFORMATIVO-2-768x977.jpg 768w, https:\/\/asociacionse.com\/wp-content\/uploads\/2025\/03\/DESAYUNO-INFORMATIVO-2-1207x1536.jpg 1207w, https:\/\/asociacionse.com\/wp-content\/uploads\/2025\/03\/DESAYUNO-INFORMATIVO-2-1609x2048.jpg 1609w, https:\/\/asociacionse.com\/wp-content\/uploads\/2025\/03\/DESAYUNO-INFORMATIVO-2-scaled.jpg 2012w\" sizes=\"(max-width: 805px) 100vw, 805px\" \/><\/figure>\n\n\n\n<figure class=\"wp-block-image size-large\"><img decoding=\"async\" data-id=\"2953\" src=\"https:\/\/asociacionse.com\/wp-content\/uploads\/2025\/03\/Imagen-de-WhatsApp-2025-03-05-a-las-13.03.46_8e2b4d20-576x1024.jpg\" alt=\"\" class=\"wp-image-2953\"\/><\/figure>\n\n\n\n<figure class=\"wp-block-image size-large\"><img decoding=\"async\" width=\"576\" height=\"1024\" data-id=\"2956\" src=\"http:\/\/asociacionse.com\/wp-content\/uploads\/2025\/03\/Imagen-de-WhatsApp-2025-03-05-a-las-13.03.46_dad50edb-576x1024.jpg\" alt=\"\" class=\"wp-image-2956\" srcset=\"https:\/\/asociacionse.com\/wp-content\/uploads\/2025\/03\/Imagen-de-WhatsApp-2025-03-05-a-las-13.03.46_dad50edb-576x1024.jpg 576w, https:\/\/asociacionse.com\/wp-content\/uploads\/2025\/03\/Imagen-de-WhatsApp-2025-03-05-a-las-13.03.46_dad50edb-169x300.jpg 169w, https:\/\/asociacionse.com\/wp-content\/uploads\/2025\/03\/Imagen-de-WhatsApp-2025-03-05-a-las-13.03.46_dad50edb-768x1365.jpg 768w, https:\/\/asociacionse.com\/wp-content\/uploads\/2025\/03\/Imagen-de-WhatsApp-2025-03-05-a-las-13.03.46_dad50edb-864x1536.jpg 864w, https:\/\/asociacionse.com\/wp-content\/uploads\/2025\/03\/Imagen-de-WhatsApp-2025-03-05-a-las-13.03.46_dad50edb.jpg 1125w\" sizes=\"(max-width: 576px) 100vw, 576px\" \/><\/figure>\n\n\n\n<figure class=\"wp-block-image size-large\"><img decoding=\"async\" width=\"1024\" height=\"576\" data-id=\"2954\" src=\"http:\/\/asociacionse.com\/wp-content\/uploads\/2025\/03\/Imagen-de-WhatsApp-2025-03-05-a-las-13.03.46_068375ff-1024x576.jpg\" alt=\"\" class=\"wp-image-2954\" srcset=\"https:\/\/asociacionse.com\/wp-content\/uploads\/2025\/03\/Imagen-de-WhatsApp-2025-03-05-a-las-13.03.46_068375ff-1024x576.jpg 1024w, https:\/\/asociacionse.com\/wp-content\/uploads\/2025\/03\/Imagen-de-WhatsApp-2025-03-05-a-las-13.03.46_068375ff-300x169.jpg 300w, https:\/\/asociacionse.com\/wp-content\/uploads\/2025\/03\/Imagen-de-WhatsApp-2025-03-05-a-las-13.03.46_068375ff-768x432.jpg 768w, https:\/\/asociacionse.com\/wp-content\/uploads\/2025\/03\/Imagen-de-WhatsApp-2025-03-05-a-las-13.03.46_068375ff-1536x864.jpg 1536w, https:\/\/asociacionse.com\/wp-content\/uploads\/2025\/03\/Imagen-de-WhatsApp-2025-03-05-a-las-13.03.46_068375ff.jpg 2000w\" sizes=\"(max-width: 1024px) 100vw, 1024px\" \/><\/figure>\n<\/figure>\n\n\n\n<h2 class=\"wp-block-heading\">EQUIPO<\/h2>\n\n\n\n<p class=\"has-text-align-left has-normal-font-size\" style=\"font-style:normal;font-weight:900\">COMPUESTA POR: <\/p>\n\n\n\n<p>Zaida Ramos: Orientadora Laboral en Garrucha<\/p>\n\n\n\n<p>Pepa P\u00e9rez Lara: Coordinadora de Proyectos y Orientadora Laboral en Alhama de Almer\u00eda<\/p>\n\n\n\n<p>Eva Ortega P\u00e9rez: Secretaria, Administrativa y Dise\u00f1adora en Garrucha<\/p>\n\n\n\n<p>Irene Robles: T\u00e9cnica de empleo en Almer\u00eda<\/p>\n\n\n\n<figure class=\"wp-block-image size-large is-resized\"><img loading=\"lazy\" decoding=\"async\" width=\"1024\" height=\"1022\" src=\"http:\/\/asociacionse.com\/wp-content\/uploads\/2023\/05\/WhatsApp-Image-2023-03-30-at-11.55.36-1024x1022.jpeg\" alt=\"\" class=\"wp-image-2158\" style=\"width:523px;height:522px\" srcset=\"https:\/\/asociacionse.com\/wp-content\/uploads\/2023\/05\/WhatsApp-Image-2023-03-30-at-11.55.36-1024x1022.jpeg 1024w, https:\/\/asociacionse.com\/wp-content\/uploads\/2023\/05\/WhatsApp-Image-2023-03-30-at-11.55.36-300x300.jpeg 300w, https:\/\/asociacionse.com\/wp-content\/uploads\/2023\/05\/WhatsApp-Image-2023-03-30-at-11.55.36-150x150.jpeg 150w, https:\/\/asociacionse.com\/wp-content\/uploads\/2023\/05\/WhatsApp-Image-2023-03-30-at-11.55.36-768x767.jpeg 768w, https:\/\/asociacionse.com\/wp-content\/uploads\/2023\/05\/WhatsApp-Image-2023-03-30-at-11.55.36-640x640.jpeg 640w, https:\/\/asociacionse.com\/wp-content\/uploads\/2023\/05\/WhatsApp-Image-2023-03-30-at-11.55.36-666x666.jpeg 666w, https:\/\/asociacionse.com\/wp-content\/uploads\/2023\/05\/WhatsApp-Image-2023-03-30-at-11.55.36-50x50.jpeg 50w, https:\/\/asociacionse.com\/wp-content\/uploads\/2023\/05\/WhatsApp-Image-2023-03-30-at-11.55.36.jpeg 1230w\" sizes=\"(max-width: 1024px) 100vw, 1024px\" \/><\/figure>\n\n\n\n<p><\/p>\n\n\n\n<h2 class=\"wp-block-heading\"><strong>INAGURACI\u00d3N LOCAL GARRUCHA<\/strong><\/h2>\n\n\n\n<figure class=\"wp-block-image size-large is-resized\"><img loading=\"lazy\" decoding=\"async\" width=\"1024\" height=\"768\" src=\"http:\/\/asociacionse.com\/wp-content\/uploads\/2023\/05\/WhatsApp-Image-2023-03-30-at-11.45.21-1024x768.jpeg\" alt=\"\" class=\"wp-image-2160\" style=\"width:603px;height:452px\" srcset=\"https:\/\/asociacionse.com\/wp-content\/uploads\/2023\/05\/WhatsApp-Image-2023-03-30-at-11.45.21-1024x768.jpeg 1024w, https:\/\/asociacionse.com\/wp-content\/uploads\/2023\/05\/WhatsApp-Image-2023-03-30-at-11.45.21-300x225.jpeg 300w, https:\/\/asociacionse.com\/wp-content\/uploads\/2023\/05\/WhatsApp-Image-2023-03-30-at-11.45.21-768x576.jpeg 768w, https:\/\/asociacionse.com\/wp-content\/uploads\/2023\/05\/WhatsApp-Image-2023-03-30-at-11.45.21-1536x1152.jpeg 1536w, https:\/\/asociacionse.com\/wp-content\/uploads\/2023\/05\/WhatsApp-Image-2023-03-30-at-11.45.21-440x330.jpeg 440w, https:\/\/asociacionse.com\/wp-content\/uploads\/2023\/05\/WhatsApp-Image-2023-03-30-at-11.45.21-920x690.jpeg 920w, https:\/\/asociacionse.com\/wp-content\/uploads\/2023\/05\/WhatsApp-Image-2023-03-30-at-11.45.21.jpeg 2048w\" sizes=\"(max-width: 1024px) 100vw, 1024px\" \/><\/figure>\n\n\n\n<p><\/p>\n\n\n\n<h2 class=\"wp-block-heading\">FERIA DE EMPLEO VERA<\/h2>\n\n\n\n<figure class=\"wp-block-image size-large is-resized\"><img loading=\"lazy\" decoding=\"async\" width=\"1024\" height=\"768\" src=\"http:\/\/asociacionse.com\/wp-content\/uploads\/2023\/05\/WhatsApp-Image-2023-03-30-at-11.42.36-1-1024x768.jpeg\" alt=\"\" class=\"wp-image-2161\" style=\"width:703px;height:527px\" srcset=\"https:\/\/asociacionse.com\/wp-content\/uploads\/2023\/05\/WhatsApp-Image-2023-03-30-at-11.42.36-1-1024x768.jpeg 1024w, https:\/\/asociacionse.com\/wp-content\/uploads\/2023\/05\/WhatsApp-Image-2023-03-30-at-11.42.36-1-300x225.jpeg 300w, https:\/\/asociacionse.com\/wp-content\/uploads\/2023\/05\/WhatsApp-Image-2023-03-30-at-11.42.36-1-768x576.jpeg 768w, https:\/\/asociacionse.com\/wp-content\/uploads\/2023\/05\/WhatsApp-Image-2023-03-30-at-11.42.36-1-1536x1152.jpeg 1536w, https:\/\/asociacionse.com\/wp-content\/uploads\/2023\/05\/WhatsApp-Image-2023-03-30-at-11.42.36-1-440x330.jpeg 440w, https:\/\/asociacionse.com\/wp-content\/uploads\/2023\/05\/WhatsApp-Image-2023-03-30-at-11.42.36-1-920x690.jpeg 920w, https:\/\/asociacionse.com\/wp-content\/uploads\/2023\/05\/WhatsApp-Image-2023-03-30-at-11.42.36-1.jpeg 2048w\" sizes=\"(max-width: 1024px) 100vw, 1024px\" \/><\/figure>\n\n\n\n<h2 class=\"wp-block-heading\">FERIA DE EMPLEO UNIVERSIDAD DE ALMER\u00cdA<\/h2>\n\n\n\n<p><\/p>\n\n\n\n<figure class=\"wp-block-gallery has-nested-images columns-default is-cropped wp-block-gallery-2 is-layout-flex wp-block-gallery-is-layout-flex\">\n<figure class=\"wp-block-image size-large\"><img loading=\"lazy\" decoding=\"async\" width=\"768\" height=\"1024\" data-id=\"2212\" src=\"http:\/\/asociacionse.com\/wp-content\/uploads\/2023\/05\/WhatsApp-Image-2023-05-15-at-14.02.17-1-768x1024.jpeg\" alt=\"\" class=\"wp-image-2212\" srcset=\"https:\/\/asociacionse.com\/wp-content\/uploads\/2023\/05\/WhatsApp-Image-2023-05-15-at-14.02.17-1-768x1024.jpeg 768w, https:\/\/asociacionse.com\/wp-content\/uploads\/2023\/05\/WhatsApp-Image-2023-05-15-at-14.02.17-1-225x300.jpeg 225w, https:\/\/asociacionse.com\/wp-content\/uploads\/2023\/05\/WhatsApp-Image-2023-05-15-at-14.02.17-1-1152x1536.jpeg 1152w, https:\/\/asociacionse.com\/wp-content\/uploads\/2023\/05\/WhatsApp-Image-2023-05-15-at-14.02.17-1.jpeg 1536w\" sizes=\"(max-width: 768px) 100vw, 768px\" \/><\/figure>\n\n\n\n<figure class=\"wp-block-image size-large\"><img loading=\"lazy\" decoding=\"async\" width=\"1024\" height=\"768\" data-id=\"2213\" src=\"http:\/\/asociacionse.com\/wp-content\/uploads\/2023\/05\/WhatsApp-Image-2023-05-15-at-14.02.16-1024x768.jpeg\" alt=\"\" class=\"wp-image-2213\" srcset=\"https:\/\/asociacionse.com\/wp-content\/uploads\/2023\/05\/WhatsApp-Image-2023-05-15-at-14.02.16-1024x768.jpeg 1024w, https:\/\/asociacionse.com\/wp-content\/uploads\/2023\/05\/WhatsApp-Image-2023-05-15-at-14.02.16-300x225.jpeg 300w, https:\/\/asociacionse.com\/wp-content\/uploads\/2023\/05\/WhatsApp-Image-2023-05-15-at-14.02.16-768x576.jpeg 768w, https:\/\/asociacionse.com\/wp-content\/uploads\/2023\/05\/WhatsApp-Image-2023-05-15-at-14.02.16-1536x1152.jpeg 1536w, https:\/\/asociacionse.com\/wp-content\/uploads\/2023\/05\/WhatsApp-Image-2023-05-15-at-14.02.16-440x330.jpeg 440w, https:\/\/asociacionse.com\/wp-content\/uploads\/2023\/05\/WhatsApp-Image-2023-05-15-at-14.02.16-920x690.jpeg 920w, https:\/\/asociacionse.com\/wp-content\/uploads\/2023\/05\/WhatsApp-Image-2023-05-15-at-14.02.16.jpeg 2048w\" sizes=\"(max-width: 1024px) 100vw, 1024px\" \/><\/figure>\n\n\n\n<figure class=\"wp-block-image size-large\"><img loading=\"lazy\" decoding=\"async\" width=\"1024\" height=\"768\" data-id=\"2214\" src=\"http:\/\/asociacionse.com\/wp-content\/uploads\/2023\/05\/WhatsApp-Image-2023-05-15-at-14.02.15-1024x768.jpeg\" alt=\"\" class=\"wp-image-2214\" srcset=\"https:\/\/asociacionse.com\/wp-content\/uploads\/2023\/05\/WhatsApp-Image-2023-05-15-at-14.02.15-1024x768.jpeg 1024w, https:\/\/asociacionse.com\/wp-content\/uploads\/2023\/05\/WhatsApp-Image-2023-05-15-at-14.02.15-300x225.jpeg 300w, https:\/\/asociacionse.com\/wp-content\/uploads\/2023\/05\/WhatsApp-Image-2023-05-15-at-14.02.15-768x576.jpeg 768w, https:\/\/asociacionse.com\/wp-content\/uploads\/2023\/05\/WhatsApp-Image-2023-05-15-at-14.02.15-1536x1152.jpeg 1536w, https:\/\/asociacionse.com\/wp-content\/uploads\/2023\/05\/WhatsApp-Image-2023-05-15-at-14.02.15-440x330.jpeg 440w, https:\/\/asociacionse.com\/wp-content\/uploads\/2023\/05\/WhatsApp-Image-2023-05-15-at-14.02.15-920x690.jpeg 920w, https:\/\/asociacionse.com\/wp-content\/uploads\/2023\/05\/WhatsApp-Image-2023-05-15-at-14.02.15.jpeg 2048w\" sizes=\"(max-width: 1024px) 100vw, 1024px\" \/><\/figure>\n<\/figure>\n\n\n\n<h2 class=\"wp-block-heading\">FERIA DE EMPLEO TEATRO CERVANTES ALMER\u00cdA<\/h2>\n\n\n\n<figure class=\"wp-block-gallery has-nested-images columns-default is-cropped wp-block-gallery-3 is-layout-flex wp-block-gallery-is-layout-flex\">\n<figure class=\"wp-block-image size-large\"><img loading=\"lazy\" decoding=\"async\" width=\"1024\" height=\"768\" data-id=\"2218\" src=\"http:\/\/asociacionse.com\/wp-content\/uploads\/2023\/05\/WhatsApp-Image-2023-05-15-at-14.00.40-1024x768.jpeg\" alt=\"\" class=\"wp-image-2218\" srcset=\"https:\/\/asociacionse.com\/wp-content\/uploads\/2023\/05\/WhatsApp-Image-2023-05-15-at-14.00.40-1024x768.jpeg 1024w, https:\/\/asociacionse.com\/wp-content\/uploads\/2023\/05\/WhatsApp-Image-2023-05-15-at-14.00.40-300x225.jpeg 300w, https:\/\/asociacionse.com\/wp-content\/uploads\/2023\/05\/WhatsApp-Image-2023-05-15-at-14.00.40-768x576.jpeg 768w, https:\/\/asociacionse.com\/wp-content\/uploads\/2023\/05\/WhatsApp-Image-2023-05-15-at-14.00.40-1536x1152.jpeg 1536w, https:\/\/asociacionse.com\/wp-content\/uploads\/2023\/05\/WhatsApp-Image-2023-05-15-at-14.00.40-440x330.jpeg 440w, https:\/\/asociacionse.com\/wp-content\/uploads\/2023\/05\/WhatsApp-Image-2023-05-15-at-14.00.40-920x690.jpeg 920w, https:\/\/asociacionse.com\/wp-content\/uploads\/2023\/05\/WhatsApp-Image-2023-05-15-at-14.00.40.jpeg 1600w\" sizes=\"(max-width: 1024px) 100vw, 1024px\" \/><\/figure>\n\n\n\n<figure class=\"wp-block-image size-large\"><img loading=\"lazy\" decoding=\"async\" width=\"1024\" height=\"768\" data-id=\"2216\" src=\"http:\/\/asociacionse.com\/wp-content\/uploads\/2023\/05\/WhatsApp-Image-2023-05-15-at-14.00.09-1024x768.jpeg\" alt=\"\" class=\"wp-image-2216\" srcset=\"https:\/\/asociacionse.com\/wp-content\/uploads\/2023\/05\/WhatsApp-Image-2023-05-15-at-14.00.09-1024x768.jpeg 1024w, https:\/\/asociacionse.com\/wp-content\/uploads\/2023\/05\/WhatsApp-Image-2023-05-15-at-14.00.09-300x225.jpeg 300w, https:\/\/asociacionse.com\/wp-content\/uploads\/2023\/05\/WhatsApp-Image-2023-05-15-at-14.00.09-768x576.jpeg 768w, https:\/\/asociacionse.com\/wp-content\/uploads\/2023\/05\/WhatsApp-Image-2023-05-15-at-14.00.09-1536x1152.jpeg 1536w, https:\/\/asociacionse.com\/wp-content\/uploads\/2023\/05\/WhatsApp-Image-2023-05-15-at-14.00.09-440x330.jpeg 440w, https:\/\/asociacionse.com\/wp-content\/uploads\/2023\/05\/WhatsApp-Image-2023-05-15-at-14.00.09-920x690.jpeg 920w, https:\/\/asociacionse.com\/wp-content\/uploads\/2023\/05\/WhatsApp-Image-2023-05-15-at-14.00.09.jpeg 2048w\" sizes=\"(max-width: 1024px) 100vw, 1024px\" \/><\/figure>\n\n\n\n<figure class=\"wp-block-image size-large\"><img loading=\"lazy\" decoding=\"async\" width=\"1024\" height=\"768\" data-id=\"2217\" src=\"http:\/\/asociacionse.com\/wp-content\/uploads\/2023\/05\/WhatsApp-Image-2023-05-15-at-14.00.09-1-1024x768.jpeg\" alt=\"\" class=\"wp-image-2217\" srcset=\"https:\/\/asociacionse.com\/wp-content\/uploads\/2023\/05\/WhatsApp-Image-2023-05-15-at-14.00.09-1-1024x768.jpeg 1024w, https:\/\/asociacionse.com\/wp-content\/uploads\/2023\/05\/WhatsApp-Image-2023-05-15-at-14.00.09-1-300x225.jpeg 300w, https:\/\/asociacionse.com\/wp-content\/uploads\/2023\/05\/WhatsApp-Image-2023-05-15-at-14.00.09-1-768x576.jpeg 768w, https:\/\/asociacionse.com\/wp-content\/uploads\/2023\/05\/WhatsApp-Image-2023-05-15-at-14.00.09-1-1536x1152.jpeg 1536w, https:\/\/asociacionse.com\/wp-content\/uploads\/2023\/05\/WhatsApp-Image-2023-05-15-at-14.00.09-1-440x330.jpeg 440w, https:\/\/asociacionse.com\/wp-content\/uploads\/2023\/05\/WhatsApp-Image-2023-05-15-at-14.00.09-1-920x690.jpeg 920w, https:\/\/asociacionse.com\/wp-content\/uploads\/2023\/05\/WhatsApp-Image-2023-05-15-at-14.00.09-1.jpeg 2048w\" sizes=\"(max-width: 1024px) 100vw, 1024px\" \/><\/figure>\n<\/figure>\n\n\n\n<p><\/p>\n","protected":false},"excerpt":{"rendered":"<p>DESAYUNO INFORMATIVO MOTIVACI\u00d3N Y BUSQUEDA DE EMPLEO EQUIPO COMPUESTA POR: Zaida Ramos: Orientadora Laboral en Garrucha Pepa P\u00e9rez Lara: Coordinadora de Proyectos y Orientadora Laboral en Alhama de Almer\u00eda Eva Ortega P\u00e9rez: Secretaria, Administrativa y Dise\u00f1adora en Garrucha Irene Robles: T\u00e9cnica de empleo en Almer\u00eda INAGURACI\u00d3N LOCAL GARRUCHA FERIA DE EMPLEO VERA FERIA DE EMPLEO [&hellip;]<\/p>\n","protected":false},"author":1,"featured_media":0,"parent":0,"menu_order":0,"comment_status":"closed","ping_status":"closed","template":"","meta":{"site-sidebar-layout":"default","site-content-layout":"","ast-site-content-layout":"default","site-content-style":"default","site-sidebar-style":"default","ast-global-header-display":"","ast-banner-title-visibility":"","ast-main-header-display":"","ast-hfb-above-header-display":"","ast-hfb-below-header-display":"","ast-hfb-mobile-header-display":"","site-post-title":"","ast-breadcrumbs-content":"","ast-featured-img":"","footer-sml-layout":"","ast-disable-related-posts":"","theme-transparent-header-meta":"","adv-header-id-meta":"","stick-header-meta":"","header-above-stick-meta":"","header-main-stick-meta":"","header-below-stick-meta":"","astra-migrate-meta-layouts":"default","ast-page-background-enabled":"default","ast-page-background-meta":{"desktop":{"background-color":"","background-image":"","background-repeat":"repeat","background-position":"center center","background-size":"auto","background-attachment":"scroll","background-type":"","background-media":"","overlay-type":"","overlay-color":"","overlay-opacity":"","overlay-gradient":""},"tablet":{"background-color":"","background-image":"","background-repeat":"repeat","background-position":"center center","background-size":"auto","background-attachment":"scroll","background-type":"","background-media":"","overlay-type":"","overlay-color":"","overlay-opacity":"","overlay-gradient":""},"mobile":{"background-color":"","background-image":"","background-repeat":"repeat","background-position":"center center","background-size":"auto","background-attachment":"scroll","background-type":"","background-media":"","overlay-type":"","overlay-color":"","overlay-opacity":"","overlay-gradient":""}},"ast-content-background-meta":{"desktop":{"background-color":"var(--ast-global-color-5)","background-image":"","background-repeat":"repeat","background-position":"center center","background-size":"auto","background-attachment":"scroll","background-type":"","background-media":"","overlay-type":"","overlay-color":"","overlay-opacity":"","overlay-gradient":""},"tablet":{"background-color":"var(--ast-global-color-5)","background-image":"","background-repeat":"repeat","background-position":"center center","background-size":"auto","background-attachment":"scroll","background-type":"","background-media":"","overlay-type":"","overlay-color":"","overlay-opacity":"","overlay-gradient":""},"mobile":{"background-color":"var(--ast-global-color-5)","background-image":"","background-repeat":"repeat","background-position":"center center","background-size":"auto","background-attachment":"scroll","background-type":"","background-media":"","overlay-type":"","overlay-color":"","overlay-opacity":"","overlay-gradient":""}},"footnotes":""},"class_list":["post-18","page","type-page","status-publish","hentry"],"_links":{"self":[{"href":"https:\/\/asociacionse.com\/index.php?rest_route=\/wp\/v2\/pages\/18","targetHints":{"allow":["GET"]}}],"collection":[{"href":"https:\/\/asociacionse.com\/index.php?rest_route=\/wp\/v2\/pages"}],"about":[{"href":"https:\/\/asociacionse.com\/index.php?rest_route=\/wp\/v2\/types\/page"}],"author":[{"embeddable":true,"href":"https:\/\/asociacionse.com\/index.php?rest_route=\/wp\/v2\/users\/1"}],"replies":[{"embeddable":true,"href":"https:\/\/asociacionse.com\/index.php?rest_route=%2Fwp%2Fv2%2Fcomments&post=18"}],"version-history":[{"count":15,"href":"https:\/\/asociacionse.com\/index.php?rest_route=\/wp\/v2\/pages\/18\/revisions"}],"predecessor-version":[{"id":4076,"href":"https:\/\/asociacionse.com\/index.php?rest_route=\/wp\/v2\/pages\/18\/revisions\/4076"}],"wp:attachment":[{"href":"https:\/\/asociacionse.com\/index.php?rest_route=%2Fwp%2Fv2%2Fmedia&parent=18"}],"curies":[{"name":"wp","href":"https:\/\/api.w.org\/{rel}","templated":true}]}}